{"id":13,"date":"2022-01-29T00:14:56","date_gmt":"2022-01-29T03:14:56","guid":{"rendered":"http:\/\/memoria.sint-ifesgo.org.br\/?page_id=13"},"modified":"2022-05-26T16:29:19","modified_gmt":"2022-05-26T19:29:19","slug":"crie-seu-site-com-blocos","status":"publish","type":"page","link":"https:\/\/memoria.sint-ifesgo.org.br\/","title":{"rendered":""},"content":{"rendered":"\n<h2 class=\"has-medium-orange-color has-text-color wp-block-heading\" style=\"font-size:45px\"><strong>Projeto Sint-MEM\u00d3RIA<\/strong><\/h2>\n\n\n\n<p class=\"has-text-align-left\">O Sint-Mem\u00f3ria e um projeto que se dedica no desenvolvimento da \u201ccuradoria digital\u201d do arquivo do sindicato, atrav\u00e9s da tecnologia e processos de cataloga\u00e7\u00e3o e recupera\u00e7\u00e3o de dados, esse projetos tem como objetivo recuperar a mem\u00f3ria do sindicato e servir como base de dados atrav\u00e9s do acervo f\u00edsico e digital, que s\u00e3o vinculados \u00e0 mem\u00f3ria sindical<\/p>\n\n\n\n<div class=\"wp-block-columns are-vertically-aligned-center is-layout-flex wp-container-core-columns-is-layout-9d6595d7 wp-block-columns-is-layout-flex\">\n<div class=\"wp-block-column is-vertically-aligned-center is-layout-flow wp-block-column-is-layout-flow\" style=\"flex-basis:100%\">\n<div class=\"wp-block-cover alignwide is-light\"><span aria-hidden=\"true\" class=\"wp-block-cover__background has-background-dim\"><\/span><div class=\"wp-block-cover__inner-container is-layout-flow wp-block-cover-is-layout-flow\">\n<div class=\"wp-block-group alignwide\"><div class=\"wp-block-group__inner-container is-layout-flow wp-block-group-is-layout-flow\">\n<div style=\"height:50px\" aria-hidden=\"true\" class=\"wp-block-spacer\"><\/div>\n\n\n\n<div class=\"wp-block-columns is-layout-flex wp-container-core-columns-is-layout-9d6595d7 wp-block-columns-is-layout-flex\">\n<div class=\"wp-block-column is-layout-flow wp-block-column-is-layout-flow\" style=\"flex-basis:100%\">\n<div class=\"wp-block-group\"><div class=\"wp-block-group__inner-container is-layout-flow wp-block-group-is-layout-flow\">\n<div class=\"wp-block-columns are-vertically-aligned-top is-layout-flex wp-container-core-columns-is-layout-9d6595d7 wp-block-columns-is-layout-flex\">\n<div class=\"wp-block-column is-vertically-aligned-top is-layout-flow wp-block-column-is-layout-flow\">\n<h3 class=\"has-text-align-center wp-block-heading\" id=\"adicione-padroes-de-blocos\">Miss\u00e3o<\/h3>\n\n\n\n<p class=\"has-text-align-right\">O projeto Sint-Mem\u00f3ria tem como miss\u00e3o o resgate da mem\u00f3ria sindical,\u00a0 atrav\u00e9s da digitaliza\u00e7\u00e3o e comunica\u00e7\u00e3o do acervo arquiv\u00edstico do Sint-IFESGO. Que \u00e9 disponibilizado pela plataforma digital do sindicato, desta forma gerando reflex\u00f5es\u00a0 sobre o poder da tecnologia como meio de conserva\u00e7\u00e3o das informa\u00e7\u00f5es dos\u00a0 relatos escritos e n\u00e3o escritos,e\u00a0 se tornam acess\u00edveis a todos os p\u00fablicos.\u00a0<\/p>\n<\/div>\n\n\n\n<div class=\"wp-block-column is-vertically-aligned-top is-layout-flow wp-block-column-is-layout-flow\">\n<h3 class=\"has-text-align-center wp-block-heading\" id=\"molduras-nas-imagens\">Vis\u00e3o<\/h3>\n\n\n\n<p class=\"has-text-align-right\">Mostrar a real import\u00e2ncia de uma classe unida em busca de um objetivo comum, trazer a mem\u00f3ria dos fatos escritos e narrados, assim despertando o desejo da luta por melhores condi\u00e7\u00f5es trabalhistas.<\/p>\n<\/div>\n\n\n\n<div class=\"wp-block-column is-vertically-aligned-top is-layout-flow wp-block-column-is-layout-flow\">\n<h3 class=\"has-text-align-center wp-block-heading\" id=\"sobrepor-colunas\">Valores <\/h3>\n\n\n\n<p class=\"has-text-align-right\">\u00a0Originalidade, \u00c9tica, Responsabilidade,Comprometimento, Qualidade e Agilidade.<\/p>\n<\/div>\n<\/div>\n<\/div><\/div>\n<\/div>\n<\/div>\n<\/div><\/div>\n<\/div><\/div>\n<\/div>\n<\/div>\n\n\n<div class=\"wp-block-site-logo\"><a href=\"https:\/\/memoria.sint-ifesgo.org.br\/\" class=\"custom-logo-link\" rel=\"home\"><img decoding=\"async\" width=\"116\" height=\"116\" data-src=\"https:\/\/memoria.sint-ifesgo.org.br\/wp-content\/uploads\/2022\/05\/download-1.png\" class=\"custom-logo lazyload\" alt=\"Sint Mem\u00f3ria\" data-srcset=\"https:\/\/memoria.sint-ifesgo.org.br\/wp-content\/uploads\/2022\/05\/download-1.png 225w, https:\/\/memoria.sint-ifesgo.org.br\/wp-content\/uploads\/2022\/05\/download-1-150x150.png 150w, https:\/\/memoria.sint-ifesgo.org.br\/wp-content\/uploads\/2022\/05\/download-1-40x40.png 40w, https:\/\/memoria.sint-ifesgo.org.br\/wp-content\/uploads\/2022\/05\/download-1-205x205.png 205w\" data-sizes=\"auto, (max-width: 116px) 100vw, 116px\" src=\"data:image\/svg+xml;base64,PHN2ZyB3aWR0aD0iMSIgaGVpZ2h0PSIxIiB4bWxucz0iaHR0cDovL3d3dy53My5vcmcvMjAwMC9zdmciPjwvc3ZnPg==\" style=\"--smush-placeholder-width: 116px; --smush-placeholder-aspect-ratio: 116\/116;\" \/><\/a><\/div>","protected":false},"excerpt":{"rendered":"<p>Projeto Sint-MEM\u00d3RIA O Sint-Mem\u00f3ria e um projeto que se dedica no desenvolvimento da \u201ccuradoria digital\u201d do arquivo do sindicato, atrav\u00e9s da tecnologia e processos de cataloga\u00e7\u00e3o e recupera\u00e7\u00e3o de dados, esse projetos tem como objetivo recuperar a mem\u00f3ria do sindicato e servir como base de dados atrav\u00e9s do acervo f\u00edsico e digital, que s\u00e3o vinculados \u00e0 mem\u00f3ria sindical<\/p>\n","protected":false},"author":1,"featured_media":0,"parent":0,"menu_order":0,"comment_status":"closed","ping_status":"closed","template":"","meta":{"footnotes":""},"class_list":["post-13","page","type-page","status-publish","hentry"],"blocksy_meta":{"styles_descriptor":{"styles":{"desktop":"","tablet":"","mobile":""},"google_fonts":[],"version":5}},"_links":{"self":[{"href":"https:\/\/memoria.sint-ifesgo.org.br\/index.php\/wp-json\/wp\/v2\/pages\/13","targetHints":{"allow":["GET"]}}],"collection":[{"href":"https:\/\/memoria.sint-ifesgo.org.br\/index.php\/wp-json\/wp\/v2\/pages"}],"about":[{"href":"https:\/\/memoria.sint-ifesgo.org.br\/index.php\/wp-json\/wp\/v2\/types\/page"}],"author":[{"embeddable":true,"href":"https:\/\/memoria.sint-ifesgo.org.br\/index.php\/wp-json\/wp\/v2\/users\/1"}],"replies":[{"embeddable":true,"href":"https:\/\/memoria.sint-ifesgo.org.br\/index.php\/wp-json\/wp\/v2\/comments?post=13"}],"version-history":[{"count":0,"href":"https:\/\/memoria.sint-ifesgo.org.br\/index.php\/wp-json\/wp\/v2\/pages\/13\/revisions"}],"wp:attachment":[{"href":"https:\/\/memoria.sint-ifesgo.org.br\/index.php\/wp-json\/wp\/v2\/media?parent=13"}],"curies":[{"name":"wp","href":"https:\/\/api.w.org\/{rel}","templated":true}]}}