{"id":15,"date":"2022-01-29T00:14:56","date_gmt":"2022-01-29T03:14:56","guid":{"rendered":"http:\/\/memoria.sint-ifesgo.org.br\/?page_id=15"},"modified":"2022-06-22T10:07:32","modified_gmt":"2022-06-22T13:07:32","slug":"contato","status":"publish","type":"page","link":"https:\/\/memoria.sint-ifesgo.org.br\/index.php\/contato\/","title":{"rendered":"Contato"},"content":{"rendered":"\n<p class=\"has-medium-font-size\">caso tenha  duvidas, queira fazer pesquisa em nosso acervo f\u00edsico ou tenha alguma informa\u00e7\u00e3o que possa complementar nosso acervo entre em contato atrav\u00e9s dos seguintes canais.<\/p>\n\n\n\n<p><strong>E-MAIL:<\/strong> sintmemoria@sint-ifesgo.org.br<\/p>\n\n\n\n<p><strong>TELEFONE:<\/strong> <a rel=\"noreferrer noopener\" href=\"https:\/\/www.google.com\/search?q=sint+ifesgo&amp;source=lmns&amp;bih=969&amp;biw=1920&amp;hl=pt-BR&amp;sa=X&amp;ved=2ahUKEwit3IX4pfv3AhVYN7kGHf7hAxIQ_AUoAHoECAEQAA#\" target=\"_blank\">(62) 3261-4465<\/a><\/p>\n\n\n\n<p><strong>ENDERE\u00c7O:<\/strong> 5\u00aa Avenida, 1213 &#8211; Setor Leste Universit\u00e1rio, Goi\u00e2nia &#8211; GO, 74605-040<\/p>\n","protected":false},"excerpt":{"rendered":"<p>caso tenha duvidas, queira fazer pesquisa em nosso acervo f\u00edsico ou tenha alguma informa\u00e7\u00e3o que possa complementar nosso acervo entre em contato atrav\u00e9s dos seguintes canais. E-MAIL: sintmemoria@sint-ifesgo.org.br TELEFONE: (62) 3261-4465 ENDERE\u00c7O: 5\u00aa Avenida, 1213 &#8211; Setor Leste Universit\u00e1rio, Goi\u00e2nia &#8211; GO, 74605-040<\/p>\n","protected":false},"author":1,"featured_media":0,"parent":0,"menu_order":0,"comment_status":"closed","ping_status":"closed","template":"","meta":{"footnotes":""},"class_list":["post-15","page","type-page","status-publish","hentry"],"blocksy_meta":{"styles_descriptor":{"styles":{"desktop":"","tablet":"","mobile":""},"google_fonts":[],"version":5}},"_links":{"self":[{"href":"https:\/\/memoria.sint-ifesgo.org.br\/index.php\/wp-json\/wp\/v2\/pages\/15","targetHints":{"allow":["GET"]}}],"collection":[{"href":"https:\/\/memoria.sint-ifesgo.org.br\/index.php\/wp-json\/wp\/v2\/pages"}],"about":[{"href":"https:\/\/memoria.sint-ifesgo.org.br\/index.php\/wp-json\/wp\/v2\/types\/page"}],"author":[{"embeddable":true,"href":"https:\/\/memoria.sint-ifesgo.org.br\/index.php\/wp-json\/wp\/v2\/users\/1"}],"replies":[{"embeddable":true,"href":"https:\/\/memoria.sint-ifesgo.org.br\/index.php\/wp-json\/wp\/v2\/comments?post=15"}],"version-history":[{"count":0,"href":"https:\/\/memoria.sint-ifesgo.org.br\/index.php\/wp-json\/wp\/v2\/pages\/15\/revisions"}],"wp:attachment":[{"href":"https:\/\/memoria.sint-ifesgo.org.br\/index.php\/wp-json\/wp\/v2\/media?parent=15"}],"curies":[{"name":"wp","href":"https:\/\/api.w.org\/{rel}","templated":true}]}}