{"id":70,"date":"2022-01-29T01:40:52","date_gmt":"2022-01-29T04:40:52","guid":{"rendered":"http:\/\/memoria.sint-ifesgo.org.br\/?page_id=70"},"modified":"2023-07-10T14:29:44","modified_gmt":"2023-07-10T17:29:44","slug":"equipe","status":"publish","type":"page","link":"https:\/\/memoria.sint-ifesgo.org.br\/index.php\/equipe\/","title":{"rendered":"Equipe"},"content":{"rendered":"\n<p>PABLO FABI\u00c3O LISBOA<br>Coordenador Sint Mem\u00f3ria<\/p>\n\n\n\n<p>JOGLESSON RODRIGO DOS SANTOS COSTA<br>Bolsista<\/p>\n\n\n\n<p>ELISMAR ALVES DE JESUS<br>Bolsista<\/p>\n\n\n\n<p>JO\u00c3O GON\u00c7ALVES DE ARA\u00daJO NETO<br>Bolsista<\/p>\n\n\n\n<p>DANILO GUSTAVO DOS SANTOS DINIZ <\/p>\n\n\n\n<p>Bolsista <\/p>\n\n\n\n<p><\/p>\n\n\n\n<p><\/p>\n","protected":false},"excerpt":{"rendered":"<p>PABLO FABI\u00c3O LISBOACoordenador Sint Mem\u00f3ria JOGLESSON RODRIGO DOS SANTOS COSTABolsista ELISMAR ALVES DE JESUSBolsista JO\u00c3O GON\u00c7ALVES DE ARA\u00daJO NETOBolsista DANILO GUSTAVO DOS SANTOS DINIZ Bolsista<\/p>\n","protected":false},"author":1,"featured_media":0,"parent":0,"menu_order":0,"comment_status":"closed","ping_status":"closed","template":"","meta":{"footnotes":""},"class_list":["post-70","page","type-page","status-publish","hentry"],"blocksy_meta":{"styles_descriptor":{"styles":{"desktop":"","tablet":"","mobile":""},"google_fonts":[],"version":5}},"_links":{"self":[{"href":"https:\/\/memoria.sint-ifesgo.org.br\/index.php\/wp-json\/wp\/v2\/pages\/70","targetHints":{"allow":["GET"]}}],"collection":[{"href":"https:\/\/memoria.sint-ifesgo.org.br\/index.php\/wp-json\/wp\/v2\/pages"}],"about":[{"href":"https:\/\/memoria.sint-ifesgo.org.br\/index.php\/wp-json\/wp\/v2\/types\/page"}],"author":[{"embeddable":true,"href":"https:\/\/memoria.sint-ifesgo.org.br\/index.php\/wp-json\/wp\/v2\/users\/1"}],"replies":[{"embeddable":true,"href":"https:\/\/memoria.sint-ifesgo.org.br\/index.php\/wp-json\/wp\/v2\/comments?post=70"}],"version-history":[{"count":0,"href":"https:\/\/memoria.sint-ifesgo.org.br\/index.php\/wp-json\/wp\/v2\/pages\/70\/revisions"}],"wp:attachment":[{"href":"https:\/\/memoria.sint-ifesgo.org.br\/index.php\/wp-json\/wp\/v2\/media?parent=70"}],"curies":[{"name":"wp","href":"https:\/\/api.w.org\/{rel}","templated":true}]}}